{"id":3,"date":"2021-12-22T11:33:39","date_gmt":"2021-12-22T11:33:39","guid":{"rendered":"https:\/\/eukiria.com\/?page_id=3"},"modified":"2022-01-10T17:44:22","modified_gmt":"2022-01-10T17:44:22","slug":"politica-privacidad","status":"publish","type":"page","link":"https:\/\/eukiria.com\/index.php\/politica-privacidad\/","title":{"rendered":"Pol\u00edtica de privacidad"},"content":{"rendered":"\n<h2 class=\"wp-block-heading\">Qui\u00e9nes somos<\/h2>\n\n\n\n<p><strong class=\"privacy-policy-tutorial\"> <\/strong>Somos Eukiria, la escuela que fabrica emprendedores para insertarse al mundo laboral moderno. La direcci\u00f3n de nuestra web es: https:\/\/eukiria.com. Nuestras oficinas se encuentran en Calle 48 N920 5to D, La Plata (Bs.As), 1900, Argentina.<\/p>\n\n\n\n<h2 class=\"wp-block-heading\">Comentarios<\/h2>\n\n\n\n<p><strong class=\"privacy-policy-tutorial\"> <\/strong>Cuando los visitantes dejan comentarios en la web, recopilamos los datos que se muestran en el formulario de comentarios, as\u00ed como la direcci\u00f3n IP del visitante y la cadena de agentes de usuario del navegador para ayudar a la detecci\u00f3n de spam.<\/p>\n\n\n\n<p>Una cadena an\u00f3nima creada a partir de tu direcci\u00f3n de correo electr\u00f3nico (tambi\u00e9n llamada hash) puede ser proporcionada al servicio de Gravatar para ver si la est\u00e1s usando. La pol\u00edtica de privacidad del servicio Gravatar est\u00e1 disponible aqu\u00ed: https:\/\/automattic.com\/privacy\/. Despu\u00e9s de la aprobaci\u00f3n de tu comentario, la imagen de tu perfil es visible para el p\u00fablico en el contexto de tu comentario.<\/p>\n\n\n\n<h2 class=\"wp-block-heading\">Cookies<\/h2>\n\n\n\n<p>Si dejas un comentario en nuestro sitio puedes elegir guardar tu nombre, direcci\u00f3n de correo electr\u00f3nico y web en cookies. Esto es para tu comodidad, para que no tengas que volver a rellenar tus datos cuando dejes otro comentario. Estas cookies tendr\u00e1n una duraci\u00f3n de un a\u00f1o.<\/p>\n\n\n\n<p>Si tienes una cuenta y te conectas a este sitio, instalaremos una cookie temporal para determinar si tu navegador acepta cookies. Esta cookie no contiene datos personales y se elimina al cerrar el navegador.<\/p>\n\n\n\n<p>Cuando accedas, tambi\u00e9n instalaremos varias cookies para guardar tu informaci\u00f3n de acceso y tus opciones de visualizaci\u00f3n de pantalla. Las cookies de acceso duran dos d\u00edas, y las cookies de opciones de pantalla duran un a\u00f1o. Si seleccionas \u00abRecu\u00e9rdarme\u00bb, tu acceso perdurar\u00e1 durante dos semanas. Si sales de tu cuenta, las cookies de acceso se eliminar\u00e1n.<\/p>\n\n\n\n<p>Si editas o publicas un art\u00edculo se guardar\u00e1 una cookie adicional en tu navegador. Esta cookie no incluye datos personales y simplemente indica el ID del art\u00edculo que acabas de editar. Caduca despu\u00e9s de 1 d\u00eda.<\/p>\n\n\n\n<h2 class=\"wp-block-heading\">Contenido incrustado de otros sitios web<\/h2>\n\n\n\n<p><strong class=\"privacy-policy-tutorial\"> <\/strong>Los art\u00edculos de este sitio pueden incluir contenido incrustado (por ejemplo, v\u00eddeos, im\u00e1genes, art\u00edculos, etc.). El contenido incrustado de otras webs se comporta exactamente de la misma manera que si el visitante hubiera visitado la otra web.<\/p>\n\n\n\n<p>Estas web pueden recopilar datos sobre ti, utilizar cookies, incrustar un seguimiento adicional de terceros, y supervisar tu interacci\u00f3n con ese contenido incrustado, incluido el seguimiento de tu interacci\u00f3n con el contenido incrustado si tienes una cuenta y est\u00e1s conectado a esa web.<\/p>\n\n\n\n<h2 class=\"wp-block-heading\">Cu\u00e1nto tiempo conservamos tus datos<\/h2>\n\n\n\n<p><strong class=\"privacy-policy-tutorial\">Texto sugerido: <\/strong>Si dejas un comentario, el comentario y sus metadatos se conservan indefinidamente. Esto es para que podamos reconocer y aprobar comentarios sucesivos autom\u00e1ticamente, en lugar de mantenerlos en una cola de moderaci\u00f3n.<\/p>\n\n\n\n<p>De los usuarios que se registran en nuestra web (si los hay), tambi\u00e9n almacenamos la informaci\u00f3n personal que proporcionan en su perfil de usuario. Todos los usuarios pueden ver, editar o eliminar su informaci\u00f3n personal en cualquier momento (excepto que no pueden cambiar su nombre de usuario). Los administradores de la web tambi\u00e9n pueden ver y editar esa informaci\u00f3n.<\/p>\n\n\n\n<h2 class=\"wp-block-heading\">Qu\u00e9 derechos tienes sobre tus datos<\/h2>\n\n\n\n<p><strong class=\"privacy-policy-tutorial\"> <\/strong>Si tienes una cuenta o has dejado comentarios en esta web, puedes solicitar recibir un archivo de exportaci\u00f3n de los datos personales que tenemos sobre ti, incluyendo cualquier dato que nos hayas proporcionado. Tambi\u00e9n puedes solicitar que eliminemos cualquier dato personal que tengamos sobre ti. Esto no incluye ning\u00fan dato que estemos obligados a conservar con fines administrativos, legales o de seguridad.<\/p>\n\n\n\n<h2 class=\"wp-block-heading\">D\u00f3nde enviamos tus datos<\/h2>\n\n\n\n<p>Los comentarios de los visitantes puede que los revise un servicio de detecci\u00f3n autom\u00e1tica de spam.<br><br><\/p>\n\n\n\n<p>Tus datos personales se utilizar\u00e1n para procesar tu pedido, mejorar tu experiencia en esta web y otros prop\u00f3sitos descritos en nuestra&nbsp;<a href=\"https:\/\/fotografialaplata.com\/politica-privacidad\/\" target=\"_blank\" rel=\"noreferrer noopener\">pol\u00edtica de privacidad<\/a>.<\/p>\n\n\n\n<h3 class=\"wp-block-heading\">COMPRAS<\/h3>\n\n\n\n<h2 class=\"wp-block-heading\">SOBRE LAS COMPRAS<\/h2>\n\n\n\n<p>Las compras efectuadas en la web quedar\u00e1n completadas y confirmadas cuando el cliente reciba dicha confirmaci\u00f3n por e-mail. En caso de que haya elegido TRANSFERENCIA BANCARIA como m\u00e9todo de pago, dicha compra quedar\u00e1 confirmada cuando el cliente env\u00ede por mail o Whatsapp el comprobante de transferencia.<\/p>\n\n\n\n<p>El cliente podr\u00e1 elegir si comprar el curso entero (pago completo) o parte del curso (pago mensual).<\/p>\n\n\n\n<p>Las compras v\u00eda web con pago mensual (parte del curso) no obliga al cliente a abonar la totalidad del curso, pudiendo el cliente no continuar con el aprendizaje cuando lo desee sin tener la obligaci\u00f3n de abonar los pagos mensuales no cursados.<\/p>\n\n\n\n<p>Los pagos mensuales efectuados y que el alumno haya cursado no son reembolsables.<\/p>\n\n\n\n<p>Los descuentos o beneficios que el cliente haya obtenido para el pago mensual no son aplicables a otras cuotas o pagos mensuales que se realicen en otra fecha respecto al pago original afectado por dicho descuento o beneficio.<\/p>\n\n\n\n<h2 class=\"wp-block-heading\">SOBRE LOS CUPONES DE DESCUENTO<\/h2>\n\n\n\n<p>Los cupones de descuento tienen un beneficio y una duraci\u00f3n determinada por cada cup\u00f3n. Los cupones NO son acumulables entre s\u00ed y el beneficio se aplica en el carrito de compras sobre el importe total que figure en el carrito.<\/p>\n\n\n\n<p>Los BENEFICIOS o DESCUENTOS obtenidos por el cup\u00f3n aplican EXCLUSIVAMENTE sobre los pagos online realizados sobre la plataforma en el d\u00eda de la compra y al monto de dicha compra. El descuento de un cup\u00f3n no aplica a sucesivos pagos que se efect\u00faen por otros medios de pago y\/o a otra fecha fuera de la duraci\u00f3n de vigencia del cup\u00f3n utilizado.<\/p>\n\n\n\n<p>Los cupones de descuento tienen validez sobre el monto que figure al momento de realizar la compra y no son extensibles a futuros pagos que el cliente deba realizar.<\/p>\n\n\n\n<p>Se puede utilizar solamente un cup\u00f3n de descuento por pedido y por carrito de la compra.<\/p>\n\n\n\n<p>Los cupones no son reembolsables, pueden utilizarse en una sola compra y no pueden ser canjeados por dinero en efectivo. Los t\u00e9rminos y condiciones relativos a la validez del cup\u00f3n se incluyen con cada cup\u00f3n.<\/p>\n\n\n\n<p>Los cupones de descuento pueden ser utilizados para el pago a partir de un cierto importe m\u00ednimo de compra. Este importe est\u00e1 especificado en las condiciones que regulan cada cup\u00f3n y que se incluyen en el email de env\u00edo.<\/p>\n\n\n\n<p>Los cupones de descuento son v\u00e1lidos para la compra de una selecci\u00f3n espec\u00edfica de productos y caducar\u00e1n si no se han utilizado\u00a0 transcurrido el periodo de vigencia del cup\u00f3n. Tanto la selecci\u00f3n de productos sobre la que se aplica como la fecha de caducidad se indicar\u00e1n en las condiciones que regulan cada cup\u00f3n.<\/p>\n\n\n\n<p>Si tiene dudas al respecto, nuestro Servicio de Atenci\u00f3n al Cliente est\u00e1 a su disposici\u00f3n.<\/p>\n","protected":false},"excerpt":{"rendered":"<p>Qui\u00e9nes somos Somos Eukiria, la escuela que fabrica emprendedores para insertarse al mundo laboral moderno. La direcci\u00f3n de nuestra web es: https:\/\/eukiria.com. Nuestras oficinas se encuentran en Calle 48 N920 5to D, La Plata (Bs.As), 1900, Argentina. Comentarios Cuando los visitantes dejan comentarios en la web, recopilamos los datos que se muestran en el formulario [&hellip;]<\/p>\n","protected":false},"author":1,"featured_media":0,"parent":0,"menu_order":0,"comment_status":"closed","ping_status":"open","template":"","meta":{"_monsterinsights_skip_tracking":false,"_monsterinsights_sitenote_active":false,"_monsterinsights_sitenote_note":"","_monsterinsights_sitenote_category":0,"site-sidebar-layout":"default","site-content-layout":"","ast-site-content-layout":"default","site-content-style":"default","site-sidebar-style":"default","ast-global-header-display":"","ast-banner-title-visibility":"","ast-main-header-display":"","ast-hfb-above-header-display":"","ast-hfb-below-header-display":"","ast-hfb-mobile-header-display":"","site-post-title":"","ast-breadcrumbs-content":"","ast-featured-img":"","footer-sml-layout":"","ast-disable-related-posts":"","theme-transparent-header-meta":"","adv-header-id-meta":"","stick-header-meta":"","header-above-stick-meta":"","header-main-stick-meta":"","header-below-stick-meta":"","astra-migrate-meta-layouts":"default","ast-page-background-enabled":"default","ast-page-background-meta":{"desktop":{"background-color":"","background-image":"","background-repeat":"repeat","background-position":"center center","background-size":"auto","background-attachment":"scroll","background-type":"","background-media":"","overlay-type":"","overlay-color":"","overlay-opacity":"","overlay-gradient":""},"tablet":{"background-color":"","background-image":"","background-repeat":"repeat","background-position":"center center","background-size":"auto","background-attachment":"scroll","background-type":"","background-media":"","overlay-type":"","overlay-color":"","overlay-opacity":"","overlay-gradient":""},"mobile":{"background-color":"","background-image":"","background-repeat":"repeat","background-position":"center center","background-size":"auto","background-attachment":"scroll","background-type":"","background-media":"","overlay-type":"","overlay-color":"","overlay-opacity":"","overlay-gradient":""}},"ast-content-background-meta":{"desktop":{"background-color":"var(--ast-global-color-5)","background-image":"","background-repeat":"repeat","background-position":"center center","background-size":"auto","background-attachment":"scroll","background-type":"","background-media":"","overlay-type":"","overlay-color":"","overlay-opacity":"","overlay-gradient":""},"tablet":{"background-color":"var(--ast-global-color-5)","background-image":"","background-repeat":"repeat","background-position":"center center","background-size":"auto","background-attachment":"scroll","background-type":"","background-media":"","overlay-type":"","overlay-color":"","overlay-opacity":"","overlay-gradient":""},"mobile":{"background-color":"var(--ast-global-color-5)","background-image":"","background-repeat":"repeat","background-position":"center center","background-size":"auto","background-attachment":"scroll","background-type":"","background-media":"","overlay-type":"","overlay-color":"","overlay-opacity":"","overlay-gradient":""}},"footnotes":""},"class_list":["post-3","page","type-page","status-publish","hentry"],"aioseo_notices":[],"_links":{"self":[{"href":"https:\/\/eukiria.com\/index.php\/wp-json\/wp\/v2\/pages\/3","targetHints":{"allow":["GET"]}}],"collection":[{"href":"https:\/\/eukiria.com\/index.php\/wp-json\/wp\/v2\/pages"}],"about":[{"href":"https:\/\/eukiria.com\/index.php\/wp-json\/wp\/v2\/types\/page"}],"author":[{"embeddable":true,"href":"https:\/\/eukiria.com\/index.php\/wp-json\/wp\/v2\/users\/1"}],"replies":[{"embeddable":true,"href":"https:\/\/eukiria.com\/index.php\/wp-json\/wp\/v2\/comments?post=3"}],"version-history":[{"count":2,"href":"https:\/\/eukiria.com\/index.php\/wp-json\/wp\/v2\/pages\/3\/revisions"}],"predecessor-version":[{"id":821,"href":"https:\/\/eukiria.com\/index.php\/wp-json\/wp\/v2\/pages\/3\/revisions\/821"}],"wp:attachment":[{"href":"https:\/\/eukiria.com\/index.php\/wp-json\/wp\/v2\/media?parent=3"}],"curies":[{"name":"wp","href":"https:\/\/api.w.org\/{rel}","templated":true}]}}