{"id":2154,"date":"2022-04-01T13:59:09","date_gmt":"2022-04-01T13:59:09","guid":{"rendered":"https:\/\/eukiria.com\/?post_type=product&#038;p=2154"},"modified":"2024-04-04T11:55:07","modified_gmt":"2024-04-04T11:55:07","slug":"negocios-digitales","status":"publish","type":"product","link":"https:\/\/eukiria.com\/index.php\/producto\/negocios-digitales\/","title":{"rendered":"Crear negocio digital"},"content":{"rendered":"<p>En este curso sobre c\u00f3mo emprender un negocio digital aprender\u00e1s todo lo que necesit\u00e1s para arrancar tu emprendimiento. Un negocio digital debe basarse en una idea, te ayudaremos a formularla. Pero con la idea no alcanza, luego, lo m\u00e1s importante es concretar esa idea. En este curso aprender\u00e1s c\u00f3mo hacerlo.<br \/>\nTe ense\u00f1aremos a realizar un an\u00e1lisis de mercado, realizar un FODA. Te ense\u00f1aremos sobre plataformas digitales, m\u00e1rketing, costos y presupuestos.<br \/>\nAnalizaremos casos exitosos y tambi\u00e9n analizaremos casos que fracasaron. Estudiaremos por qu\u00e9 algunas empresas triunfan y otras no. Para que tengas la mayor cantidad de herramientas\u00a0 para que tu emprendimiento pueda sostenerse y ser tu fuente de ingreso.<\/p>\n<p>&nbsp;<\/p>\n<p><span style=\"font-size: 16px;\"><img decoding=\"async\" class=\"alignnone size-full wp-image-2248\" src=\"https:\/\/eukiria.com\/wp-content\/uploads\/2022\/04\/almanaque11.png\" alt=\"\" width=\"39\" height=\"40\" \/>\u00a0 \u00a0Duraci\u00f3n: 11 semanas<br \/>\n(22 clases)<\/span><\/p>\n<p><span style=\"font-size: 16px;\"><img decoding=\"async\" class=\"alignnone size-full wp-image-1854\" src=\"https:\/\/eukiria.com\/wp-content\/uploads\/2022\/01\/03-requisitos.png\" alt=\"\" width=\"39\" height=\"33\" \/>\u00a0 \u00a0Clases: martes y jueves de 19 a 21hs.<\/span><\/p>\n<p><span style=\"font-size: 16px;\"><img decoding=\"async\" class=\"alignnone size-full wp-image-1851\" src=\"https:\/\/eukiria.com\/wp-content\/uploads\/2022\/01\/04-dificultad.png\" alt=\"\" width=\"31\" height=\"31\" \/>\u00a0 \u00a0Dificultad media<\/span><\/p>\n<p><img loading=\"lazy\" decoding=\"async\" class=\"alignnone size-full wp-image-1853\" src=\"https:\/\/eukiria.com\/wp-content\/uploads\/2022\/01\/05-certficado.png\" alt=\"\" width=\"33\" height=\"37\" \/>\u00a0 \u00a0Dos clases de prueba<br \/>\n(si no te gusta, te devolvemos el dinero)<\/p>\n<p><img loading=\"lazy\" decoding=\"async\" class=\"alignnone size-full wp-image-2246\" src=\"https:\/\/eukiria.com\/wp-content\/uploads\/2022\/04\/reloj-1.png\" alt=\"\" width=\"39\" height=\"39\" \/>\u00a0 INICIO: PR\u00d3XIMAMENTE NUEVAS FECHAS!<br \/>\n(Todos los grupos se encuentran llenos actualmente)<\/p>\n","protected":false},"excerpt":{"rendered":"<p># Curso ONLINE en VIVO<\/p>\n<p># Curso orientado al \u00e1mbito laboral<\/p>\n<p># 100% pr\u00e1ctico<\/p>\n<p># Tutor\u00eda personalizada<\/p>\n<p># 2 clases de prueba<\/p>\n<p># todas las clases quedan grabadas<\/p>\n<p><strong>Requisitos:<br \/>\n<\/strong>80% de asistencia en vivo y 100% de trabajos pr\u00e1cticos realizados y aprobados.<\/p>\n","protected":false},"featured_media":2155,"comment_status":"closed","ping_status":"closed","template":"","meta":{"_monsterinsights_skip_tracking":false,"_monsterinsights_sitenote_active":false,"_monsterinsights_sitenote_note":"","_monsterinsights_sitenote_category":0,"site-sidebar-layout":"default","site-content-layout":"default","ast-site-content-layout":"default","site-content-style":"default","site-sidebar-style":"default","ast-global-header-display":"","ast-banner-title-visibility":"","ast-main-header-display":"","ast-hfb-above-header-display":"","ast-hfb-below-header-display":"","ast-hfb-mobile-header-display":"","site-post-title":"","ast-breadcrumbs-content":"","ast-featured-img":"","footer-sml-layout":"","ast-disable-related-posts":"","theme-transparent-header-meta":"default","adv-header-id-meta":"","stick-header-meta":"default","header-above-stick-meta":"","header-main-stick-meta":"","header-below-stick-meta":"","astra-migrate-meta-layouts":"set","ast-page-background-enabled":"default","ast-page-background-meta":{"desktop":{"background-color":"","background-image":"","background-repeat":"repeat","background-position":"center center","background-size":"auto","background-attachment":"scroll","background-type":"","background-media":"","overlay-type":"","overlay-color":"","overlay-opacity":"","overlay-gradient":""},"tablet":{"background-color":"","background-image":"","background-repeat":"repeat","background-position":"center center","background-size":"auto","background-attachment":"scroll","background-type":"","background-media":"","overlay-type":"","overlay-color":"","overlay-opacity":"","overlay-gradient":""},"mobile":{"background-color":"","background-image":"","background-repeat":"repeat","background-position":"center center","background-size":"auto","background-attachment":"scroll","background-type":"","background-media":"","overlay-type":"","overlay-color":"","overlay-opacity":"","overlay-gradient":""}},"ast-content-background-meta":{"desktop":{"background-color":"var(--ast-global-color-5)","background-image":"","background-repeat":"repeat","background-position":"center center","background-size":"auto","background-attachment":"scroll","background-type":"","background-media":"","overlay-type":"","overlay-color":"","overlay-opacity":"","overlay-gradient":""},"tablet":{"background-color":"var(--ast-global-color-5)","background-image":"","background-repeat":"repeat","background-position":"center center","background-size":"auto","background-attachment":"scroll","background-type":"","background-media":"","overlay-type":"","overlay-color":"","overlay-opacity":"","overlay-gradient":""},"mobile":{"background-color":"var(--ast-global-color-5)","background-image":"","background-repeat":"repeat","background-position":"center center","background-size":"auto","background-attachment":"scroll","background-type":"","background-media":"","overlay-type":"","overlay-color":"","overlay-opacity":"","overlay-gradient":""}}},"product_brand":[],"product_cat":[36],"product_tag":[],"class_list":{"0":"post-2154","1":"product","2":"type-product","3":"status-publish","4":"has-post-thumbnail","6":"product_cat-cryptos-y-negocios","7":"desktop-align-left","8":"tablet-align-left","9":"mobile-align-left","11":"first","12":"instock","13":"sale","14":"sold-individually","15":"shipping-taxable","16":"purchasable","17":"product-type-simple"},"aioseo_notices":[],"_links":{"self":[{"href":"https:\/\/eukiria.com\/index.php\/wp-json\/wp\/v2\/product\/2154","targetHints":{"allow":["GET"]}}],"collection":[{"href":"https:\/\/eukiria.com\/index.php\/wp-json\/wp\/v2\/product"}],"about":[{"href":"https:\/\/eukiria.com\/index.php\/wp-json\/wp\/v2\/types\/product"}],"replies":[{"embeddable":true,"href":"https:\/\/eukiria.com\/index.php\/wp-json\/wp\/v2\/comments?post=2154"}],"version-history":[{"count":10,"href":"https:\/\/eukiria.com\/index.php\/wp-json\/wp\/v2\/product\/2154\/revisions"}],"predecessor-version":[{"id":2550,"href":"https:\/\/eukiria.com\/index.php\/wp-json\/wp\/v2\/product\/2154\/revisions\/2550"}],"wp:featuredmedia":[{"embeddable":true,"href":"https:\/\/eukiria.com\/index.php\/wp-json\/wp\/v2\/media\/2155"}],"wp:attachment":[{"href":"https:\/\/eukiria.com\/index.php\/wp-json\/wp\/v2\/media?parent=2154"}],"wp:term":[{"taxonomy":"product_brand","embeddable":true,"href":"https:\/\/eukiria.com\/index.php\/wp-json\/wp\/v2\/product_brand?post=2154"},{"taxonomy":"product_cat","embeddable":true,"href":"https:\/\/eukiria.com\/index.php\/wp-json\/wp\/v2\/product_cat?post=2154"},{"taxonomy":"product_tag","embeddable":true,"href":"https:\/\/eukiria.com\/index.php\/wp-json\/wp\/v2\/product_tag?post=2154"}],"curies":[{"name":"wp","href":"https:\/\/api.w.org\/{rel}","templated":true}]}}