{"id":2443,"date":"2022-04-15T14:37:20","date_gmt":"2022-04-15T14:37:20","guid":{"rendered":"https:\/\/eukiria.com\/?post_type=product&#038;p=2443"},"modified":"2024-04-04T11:50:39","modified_gmt":"2024-04-04T11:50:39","slug":"curso-de-entrevista-laboral","status":"publish","type":"product","link":"https:\/\/eukiria.com\/index.php\/producto\/curso-de-entrevista-laboral\/","title":{"rendered":"Curso de entrevista laboral"},"content":{"rendered":"<p>En este curso te ense\u00f1aremos a estar preparado para tener \u00e9xito en tu pr\u00f3xima entrevista laboral. Aprender\u00e1s a elaborar correctamente tu curriculum vitae (CV). Aprender\u00e1s la importancia de la preparaci\u00f3n previa respecto al puesto y al empleador.<\/p>\n<p>Adem\u00e1s te entrenaremos para que te desenvuelvas bien en el momento de la entrevista. Qu\u00e9 decir, que no decir, c\u00f3mo decirlo, como expresarse y m\u00e1s.<\/p>\n<p>En el curso simularemos entrevistas para que tu preparaci\u00f3n sea \u00f3ptima: te iremos corrigiendo aciertos y desaciertos y te mostraremos qu\u00e9 buscan las empresas.<\/p>\n<p>Y finalmente trabajaremos para que puedas desarrollar y entender cu\u00e1les son tus puntos fuertes como candidato para que puedas desarrollar una narrativa que sea convincente y tu entrevistador tenga deseos de contratarte!<\/p>\n<p><span style=\"font-size: 16px;\"><img decoding=\"async\" class=\"alignnone size-full wp-image-2248\" src=\"https:\/\/eukiria.com\/wp-content\/uploads\/2022\/04\/almanaque11.png\" alt=\"\" width=\"39\" height=\"40\" \/>\u00a0 \u00a0Duraci\u00f3n: 4 semanas (4 clases)<\/span><\/p>\n<p><span style=\"font-size: 16px;\"><img decoding=\"async\" class=\"alignnone size-full wp-image-1854\" src=\"https:\/\/eukiria.com\/wp-content\/uploads\/2022\/01\/03-requisitos.png\" alt=\"\" width=\"39\" height=\"33\" \/>\u00a0 \u00a0Clases: Lunes de 20 a 22hs<\/span><\/p>\n<p><img decoding=\"async\" class=\"alignnone size-full wp-image-1853\" src=\"https:\/\/eukiria.com\/wp-content\/uploads\/2022\/01\/05-certficado.png\" alt=\"\" width=\"33\" height=\"37\" \/>\u00a0 \u00a0Una clase de prueba<br \/>\n(si no te gusta, te devolvemos el dinero)<\/p>\n<p><img loading=\"lazy\" decoding=\"async\" class=\"alignnone size-full wp-image-2246\" src=\"https:\/\/eukiria.com\/wp-content\/uploads\/2022\/04\/reloj-1.png\" alt=\"\" width=\"39\" height=\"39\" \/>\u00a0 \u00a0INICIO: Lunes 21 de agosto. Todos los Lunes de 20 a 22hs.<\/p>\n","protected":false},"excerpt":{"rendered":"<p># Curso ONLINE en VIVO<\/p>\n<p># Curso orientado al \u00e1mbito laboral<\/p>\n<p># 100% pr\u00e1ctico<\/p>\n<p># Tutor\u00eda personalizada<\/p>\n<p># 1 clases de prueba<\/p>\n<p># todas las clases quedan grabadas<\/p>\n<p><strong>Requisitos:<br \/>\n<\/strong>80% de asistencia en vivo y 100% de trabajos pr\u00e1cticos realizados y aprobados.<\/p>\n","protected":false},"featured_media":2444,"comment_status":"closed","ping_status":"closed","template":"","meta":{"_monsterinsights_skip_tracking":false,"_monsterinsights_sitenote_active":false,"_monsterinsights_sitenote_note":"","_monsterinsights_sitenote_category":0,"site-sidebar-layout":"default","site-content-layout":"default","ast-site-content-layout":"default","site-content-style":"default","site-sidebar-style":"default","ast-global-header-display":"","ast-banner-title-visibility":"","ast-main-header-display":"","ast-hfb-above-header-display":"","ast-hfb-below-header-display":"","ast-hfb-mobile-header-display":"","site-post-title":"","ast-breadcrumbs-content":"","ast-featured-img":"","footer-sml-layout":"","ast-disable-related-posts":"","theme-transparent-header-meta":"default","adv-header-id-meta":"","stick-header-meta":"default","header-above-stick-meta":"","header-main-stick-meta":"","header-below-stick-meta":"","astra-migrate-meta-layouts":"set","ast-page-background-enabled":"default","ast-page-background-meta":{"desktop":{"background-color":"","background-image":"","background-repeat":"repeat","background-position":"center center","background-size":"auto","background-attachment":"scroll","background-type":"","background-media":"","overlay-type":"","overlay-color":"","overlay-opacity":"","overlay-gradient":""},"tablet":{"background-color":"","background-image":"","background-repeat":"repeat","background-position":"center center","background-size":"auto","background-attachment":"scroll","background-type":"","background-media":"","overlay-type":"","overlay-color":"","overlay-opacity":"","overlay-gradient":""},"mobile":{"background-color":"","background-image":"","background-repeat":"repeat","background-position":"center center","background-size":"auto","background-attachment":"scroll","background-type":"","background-media":"","overlay-type":"","overlay-color":"","overlay-opacity":"","overlay-gradient":""}},"ast-content-background-meta":{"desktop":{"background-color":"var(--ast-global-color-5)","background-image":"","background-repeat":"repeat","background-position":"center center","background-size":"auto","background-attachment":"scroll","background-type":"","background-media":"","overlay-type":"","overlay-color":"","overlay-opacity":"","overlay-gradient":""},"tablet":{"background-color":"var(--ast-global-color-5)","background-image":"","background-repeat":"repeat","background-position":"center center","background-size":"auto","background-attachment":"scroll","background-type":"","background-media":"","overlay-type":"","overlay-color":"","overlay-opacity":"","overlay-gradient":""},"mobile":{"background-color":"var(--ast-global-color-5)","background-image":"","background-repeat":"repeat","background-position":"center center","background-size":"auto","background-attachment":"scroll","background-type":"","background-media":"","overlay-type":"","overlay-color":"","overlay-opacity":"","overlay-gradient":""}}},"product_brand":[],"product_cat":[36],"product_tag":[],"class_list":{"0":"post-2443","1":"product","2":"type-product","3":"status-publish","4":"has-post-thumbnail","6":"product_cat-cryptos-y-negocios","7":"desktop-align-left","8":"tablet-align-left","9":"mobile-align-left","11":"first","12":"instock","13":"sale","14":"sold-individually","15":"shipping-taxable","16":"purchasable","17":"product-type-simple"},"aioseo_notices":[],"_links":{"self":[{"href":"https:\/\/eukiria.com\/index.php\/wp-json\/wp\/v2\/product\/2443","targetHints":{"allow":["GET"]}}],"collection":[{"href":"https:\/\/eukiria.com\/index.php\/wp-json\/wp\/v2\/product"}],"about":[{"href":"https:\/\/eukiria.com\/index.php\/wp-json\/wp\/v2\/types\/product"}],"replies":[{"embeddable":true,"href":"https:\/\/eukiria.com\/index.php\/wp-json\/wp\/v2\/comments?post=2443"}],"version-history":[{"count":6,"href":"https:\/\/eukiria.com\/index.php\/wp-json\/wp\/v2\/product\/2443\/revisions"}],"predecessor-version":[{"id":2447,"href":"https:\/\/eukiria.com\/index.php\/wp-json\/wp\/v2\/product\/2443\/revisions\/2447"}],"wp:featuredmedia":[{"embeddable":true,"href":"https:\/\/eukiria.com\/index.php\/wp-json\/wp\/v2\/media\/2444"}],"wp:attachment":[{"href":"https:\/\/eukiria.com\/index.php\/wp-json\/wp\/v2\/media?parent=2443"}],"wp:term":[{"taxonomy":"product_brand","embeddable":true,"href":"https:\/\/eukiria.com\/index.php\/wp-json\/wp\/v2\/product_brand?post=2443"},{"taxonomy":"product_cat","embeddable":true,"href":"https:\/\/eukiria.com\/index.php\/wp-json\/wp\/v2\/product_cat?post=2443"},{"taxonomy":"product_tag","embeddable":true,"href":"https:\/\/eukiria.com\/index.php\/wp-json\/wp\/v2\/product_tag?post=2443"}],"curies":[{"name":"wp","href":"https:\/\/api.w.org\/{rel}","templated":true}]}}