{"id":859,"date":"2022-01-11T18:15:54","date_gmt":"2022-01-11T18:15:54","guid":{"rendered":"https:\/\/eukiria.com\/?post_type=product&#038;p=859"},"modified":"2024-04-04T11:55:34","modified_gmt":"2024-04-04T11:55:34","slug":"curso-diseno-ux-ui","status":"publish","type":"product","link":"https:\/\/eukiria.com\/index.php\/producto\/curso-diseno-ux-ui\/","title":{"rendered":"Dise\u00f1o UX\/UI"},"content":{"rendered":"<p>En este curso aprender\u00e1s a hacer un research, e investigar acerca de un problema que convertir\u00e1s o en una idea de app o web. Dise\u00f1ar\u00e1s y crear\u00e1s un prototipo de app o sitio web mobile first (en base a esta tendencia, se crea primero una versi\u00f3n optimizada para dispositivos m\u00f3viles, y luego se ampl\u00eda a web o desktop).<br \/>\nComenzar\u00e1s a plasmar tu idea definiendo las funcionalidades principales de la misma (MVP). Pasar\u00e1s tambi\u00e9n por la definici\u00f3n de un p\u00fablico objetivo o usuario, para el desarrollo del prototipo. Utilizar\u00e1s herramientas de prototipo actuales y solicitadas en el mundo laboral.<br \/>\nAsimismo, validar\u00e1s tu proyecto mediante diferentes metodolog\u00edas y actividades. Llegar\u00e1s a adquirir habilidades de metodolog\u00edas \u00e1giles. Podr\u00e1s fundamentar las decisiones de dise\u00f1o del proyecto de manera clara.<br \/>\nFinalmente, aprender\u00e1s metodolog\u00edas de dise\u00f1o para tu proyecto, e incorporar\u00e1s conocimientos de disciplinas proyectuales.<\/p>\n<p><span style=\"font-size: 16px;\"><img decoding=\"async\" class=\"alignnone size-full wp-image-2248\" src=\"https:\/\/eukiria.com\/wp-content\/uploads\/2022\/04\/almanaque11.png\" alt=\"\" width=\"39\" height=\"40\" \/>\u00a0 \u00a0Duraci\u00f3n: 11 semanas<br \/>\n(22 clases)<\/span><\/p>\n<p><span style=\"font-size: 16px;\"><img decoding=\"async\" class=\"alignnone size-full wp-image-1854\" src=\"https:\/\/eukiria.com\/wp-content\/uploads\/2022\/01\/03-requisitos.png\" alt=\"\" width=\"39\" height=\"33\" \/> \u00a0 Clases: lunes y mi\u00e9rcoles de 20 a 22hs<\/span><\/p>\n<p><span style=\"font-size: 16px;\"><img decoding=\"async\" class=\"alignnone size-full wp-image-1851\" src=\"https:\/\/eukiria.com\/wp-content\/uploads\/2022\/01\/04-dificultad.png\" alt=\"\" width=\"31\" height=\"31\" \/>\u00a0 \u00a0Dificultad media<\/span><\/p>\n<p><img loading=\"lazy\" decoding=\"async\" class=\"alignnone size-full wp-image-1853\" src=\"https:\/\/eukiria.com\/wp-content\/uploads\/2022\/01\/05-certficado.png\" alt=\"\" width=\"33\" height=\"37\" \/>\u00a0 \u00a0Dos clases de prueba<br \/>\n(si no te gusta, te devolvemos el dinero)<\/p>\n<p><img loading=\"lazy\" decoding=\"async\" class=\"alignnone size-full wp-image-2246\" src=\"https:\/\/eukiria.com\/wp-content\/uploads\/2022\/04\/reloj-1.png\" alt=\"\" width=\"39\" height=\"39\" \/>\u00a0 \u00a0INICIO: PR\u00d3XIMAMENTE NUEVAS FECHAS!<\/p>\n","protected":false},"excerpt":{"rendered":"<p># Curso ONLINE en VIVO<\/p>\n<p># Curso orientado al \u00e1mbito laboral<\/p>\n<p># 100% pr\u00e1ctico<\/p>\n<p># Tutor\u00eda personalizada<\/p>\n<p># 2 clases de prueba<\/p>\n<p># todas las clases quedan grabadas<\/p>\n<p><strong>Requisitos:<br \/>\n<\/strong>80% de asistencia en vivo y 100% de trabajos pr\u00e1cticos realizados y aprobados.<\/p>\n","protected":false},"featured_media":2135,"comment_status":"closed","ping_status":"closed","template":"","meta":{"_monsterinsights_skip_tracking":false,"_monsterinsights_sitenote_active":false,"_monsterinsights_sitenote_note":"","_monsterinsights_sitenote_category":0,"site-sidebar-layout":"default","site-content-layout":"default","ast-site-content-layout":"default","site-content-style":"default","site-sidebar-style":"default","ast-global-header-display":"","ast-banner-title-visibility":"","ast-main-header-display":"","ast-hfb-above-header-display":"","ast-hfb-below-header-display":"","ast-hfb-mobile-header-display":"","site-post-title":"","ast-breadcrumbs-content":"","ast-featured-img":"","footer-sml-layout":"","ast-disable-related-posts":"","theme-transparent-header-meta":"default","adv-header-id-meta":"","stick-header-meta":"default","header-above-stick-meta":"","header-main-stick-meta":"","header-below-stick-meta":"","astra-migrate-meta-layouts":"set","ast-page-background-enabled":"default","ast-page-background-meta":{"desktop":{"background-color":"","background-image":"","background-repeat":"repeat","background-position":"center center","background-size":"auto","background-attachment":"scroll","background-type":"","background-media":"","overlay-type":"","overlay-color":"","overlay-opacity":"","overlay-gradient":""},"tablet":{"background-color":"","background-image":"","background-repeat":"repeat","background-position":"center center","background-size":"auto","background-attachment":"scroll","background-type":"","background-media":"","overlay-type":"","overlay-color":"","overlay-opacity":"","overlay-gradient":""},"mobile":{"background-color":"","background-image":"","background-repeat":"repeat","background-position":"center center","background-size":"auto","background-attachment":"scroll","background-type":"","background-media":"","overlay-type":"","overlay-color":"","overlay-opacity":"","overlay-gradient":""}},"ast-content-background-meta":{"desktop":{"background-color":"var(--ast-global-color-5)","background-image":"","background-repeat":"repeat","background-position":"center center","background-size":"auto","background-attachment":"scroll","background-type":"","background-media":"","overlay-type":"","overlay-color":"","overlay-opacity":"","overlay-gradient":""},"tablet":{"background-color":"var(--ast-global-color-5)","background-image":"","background-repeat":"repeat","background-position":"center center","background-size":"auto","background-attachment":"scroll","background-type":"","background-media":"","overlay-type":"","overlay-color":"","overlay-opacity":"","overlay-gradient":""},"mobile":{"background-color":"var(--ast-global-color-5)","background-image":"","background-repeat":"repeat","background-position":"center center","background-size":"auto","background-attachment":"scroll","background-type":"","background-media":"","overlay-type":"","overlay-color":"","overlay-opacity":"","overlay-gradient":""}}},"product_brand":[],"product_cat":[28],"product_tag":[],"class_list":{"0":"post-859","1":"product","2":"type-product","3":"status-publish","4":"has-post-thumbnail","6":"product_cat-diseno","7":"desktop-align-left","8":"tablet-align-left","9":"mobile-align-left","11":"first","12":"instock","13":"sale","14":"sold-individually","15":"shipping-taxable","16":"purchasable","17":"product-type-simple"},"aioseo_notices":[],"_links":{"self":[{"href":"https:\/\/eukiria.com\/index.php\/wp-json\/wp\/v2\/product\/859","targetHints":{"allow":["GET"]}}],"collection":[{"href":"https:\/\/eukiria.com\/index.php\/wp-json\/wp\/v2\/product"}],"about":[{"href":"https:\/\/eukiria.com\/index.php\/wp-json\/wp\/v2\/types\/product"}],"replies":[{"embeddable":true,"href":"https:\/\/eukiria.com\/index.php\/wp-json\/wp\/v2\/comments?post=859"}],"version-history":[{"count":15,"href":"https:\/\/eukiria.com\/index.php\/wp-json\/wp\/v2\/product\/859\/revisions"}],"predecessor-version":[{"id":2548,"href":"https:\/\/eukiria.com\/index.php\/wp-json\/wp\/v2\/product\/859\/revisions\/2548"}],"wp:featuredmedia":[{"embeddable":true,"href":"https:\/\/eukiria.com\/index.php\/wp-json\/wp\/v2\/media\/2135"}],"wp:attachment":[{"href":"https:\/\/eukiria.com\/index.php\/wp-json\/wp\/v2\/media?parent=859"}],"wp:term":[{"taxonomy":"product_brand","embeddable":true,"href":"https:\/\/eukiria.com\/index.php\/wp-json\/wp\/v2\/product_brand?post=859"},{"taxonomy":"product_cat","embeddable":true,"href":"https:\/\/eukiria.com\/index.php\/wp-json\/wp\/v2\/product_cat?post=859"},{"taxonomy":"product_tag","embeddable":true,"href":"https:\/\/eukiria.com\/index.php\/wp-json\/wp\/v2\/product_tag?post=859"}],"curies":[{"name":"wp","href":"https:\/\/api.w.org\/{rel}","templated":true}]}}